{"id":5202,"date":"2023-05-03T10:52:09","date_gmt":"2023-05-03T10:52:09","guid":{"rendered":"https:\/\/tower-ist.com\/?page_id=191"},"modified":"2024-03-05T13:21:25","modified_gmt":"2024-03-05T13:21:25","slug":"monopole-tower","status":"publish","type":"page","link":"https:\/\/tower-ist.com\/tr\/monopole-tower\/","title":{"rendered":"monopole tower"},"content":{"rendered":"\t\t<div data-elementor-type=\"wp-page\" data-elementor-id=\"5202\" class=\"elementor elementor-5202\">\n\t\t\t\t\t\t<section class=\"elementor-section elementor-top-section elementor-element elementor-element-829825f elementor-section-boxed elementor-section-height-default elementor-section-height-default\" data-id=\"829825f\" data-element_type=\"section\">\n\t\t\t\t\t\t<div class=\"elementor-container elementor-column-gap-default\">\n\t\t\t\t\t<div class=\"elementor-column elementor-col-100 elementor-top-column elementor-element elementor-element-dc54443\" data-id=\"dc54443\" data-element_type=\"column\">\n\t\t\t<div class=\"elementor-widget-wrap elementor-element-populated\">\n\t\t\t\t\t\t<div class=\"elementor-element elementor-element-73928f1 elementor-widget elementor-widget-heading\" data-id=\"73928f1\" data-element_type=\"widget\" data-widget_type=\"heading.default\">\n\t\t\t\t<div class=\"elementor-widget-container\">\n\t\t\t<style>\/*! elementor - v3.21.0 - 26-05-2024 *\/\n.elementor-heading-title{padding:0;margin:0;line-height:1}.elementor-widget-heading .elementor-heading-title[class*=elementor-size-]>a{color:inherit;font-size:inherit;line-height:inherit}.elementor-widget-heading .elementor-heading-title.elementor-size-small{font-size:15px}.elementor-widget-heading .elementor-heading-title.elementor-size-medium{font-size:19px}.elementor-widget-heading .elementor-heading-title.elementor-size-large{font-size:29px}.elementor-widget-heading .elementor-heading-title.elementor-size-xl{font-size:39px}.elementor-widget-heading .elementor-heading-title.elementor-size-xxl{font-size:59px}<\/style><h2 class=\"elementor-heading-title elementor-size-default\">Monopol Kule Tipi<\/h2>\t\t<\/div>\n\t\t\t\t<\/div>\n\t\t\t\t<div class=\"elementor-element elementor-element-275e026 elementor-widget-divider--view-line elementor-widget elementor-widget-divider\" data-id=\"275e026\" data-element_type=\"widget\" data-widget_type=\"divider.default\">\n\t\t\t\t<div class=\"elementor-widget-container\">\n\t\t\t<style>\/*! elementor - v3.21.0 - 26-05-2024 *\/\n.elementor-widget-divider{--divider-border-style:none;--divider-border-width:1px;--divider-color:#0c0d0e;--divider-icon-size:20px;--divider-element-spacing:10px;--divider-pattern-height:24px;--divider-pattern-size:20px;--divider-pattern-url:none;--divider-pattern-repeat:repeat-x}.elementor-widget-divider .elementor-divider{display:flex}.elementor-widget-divider .elementor-divider__text{font-size:15px;line-height:1;max-width:95%}.elementor-widget-divider .elementor-divider__element{margin:0 var(--divider-element-spacing);flex-shrink:0}.elementor-widget-divider .elementor-icon{font-size:var(--divider-icon-size)}.elementor-widget-divider .elementor-divider-separator{display:flex;margin:0;direction:ltr}.elementor-widget-divider--view-line_icon .elementor-divider-separator,.elementor-widget-divider--view-line_text .elementor-divider-separator{align-items:center}.elementor-widget-divider--view-line_icon .elementor-divider-separator:after,.elementor-widget-divider--view-line_icon .elementor-divider-separator:before,.elementor-widget-divider--view-line_text .elementor-divider-separator:after,.elementor-widget-divider--view-line_text .elementor-divider-separator:before{display:block;content:\"\";border-block-end:0;flex-grow:1;border-block-start:var(--divider-border-width) var(--divider-border-style) var(--divider-color)}.elementor-widget-divider--element-align-left .elementor-divider .elementor-divider-separator>.elementor-divider__svg:first-of-type{flex-grow:0;flex-shrink:100}.elementor-widget-divider--element-align-left .elementor-divider-separator:before{content:none}.elementor-widget-divider--element-align-left .elementor-divider__element{margin-left:0}.elementor-widget-divider--element-align-right .elementor-divider .elementor-divider-separator>.elementor-divider__svg:last-of-type{flex-grow:0;flex-shrink:100}.elementor-widget-divider--element-align-right .elementor-divider-separator:after{content:none}.elementor-widget-divider--element-align-right .elementor-divider__element{margin-right:0}.elementor-widget-divider--element-align-start .elementor-divider .elementor-divider-separator>.elementor-divider__svg:first-of-type{flex-grow:0;flex-shrink:100}.elementor-widget-divider--element-align-start .elementor-divider-separator:before{content:none}.elementor-widget-divider--element-align-start .elementor-divider__element{margin-inline-start:0}.elementor-widget-divider--element-align-end .elementor-divider .elementor-divider-separator>.elementor-divider__svg:last-of-type{flex-grow:0;flex-shrink:100}.elementor-widget-divider--element-align-end .elementor-divider-separator:after{content:none}.elementor-widget-divider--element-align-end .elementor-divider__element{margin-inline-end:0}.elementor-widget-divider:not(.elementor-widget-divider--view-line_text):not(.elementor-widget-divider--view-line_icon) .elementor-divider-separator{border-block-start:var(--divider-border-width) var(--divider-border-style) var(--divider-color)}.elementor-widget-divider--separator-type-pattern{--divider-border-style:none}.elementor-widget-divider--separator-type-pattern.elementor-widget-divider--view-line .elementor-divider-separator,.elementor-widget-divider--separator-type-pattern:not(.elementor-widget-divider--view-line) .elementor-divider-separator:after,.elementor-widget-divider--separator-type-pattern:not(.elementor-widget-divider--view-line) .elementor-divider-separator:before,.elementor-widget-divider--separator-type-pattern:not([class*=elementor-widget-divider--view]) .elementor-divider-separator{width:100%;min-height:var(--divider-pattern-height);-webkit-mask-size:var(--divider-pattern-size) 100%;mask-size:var(--divider-pattern-size) 100%;-webkit-mask-repeat:var(--divider-pattern-repeat);mask-repeat:var(--divider-pattern-repeat);background-color:var(--divider-color);-webkit-mask-image:var(--divider-pattern-url);mask-image:var(--divider-pattern-url)}.elementor-widget-divider--no-spacing{--divider-pattern-size:auto}.elementor-widget-divider--bg-round{--divider-pattern-repeat:round}.rtl .elementor-widget-divider .elementor-divider__text{direction:rtl}.e-con-inner>.elementor-widget-divider,.e-con>.elementor-widget-divider{width:var(--container-widget-width,100%);--flex-grow:var(--container-widget-flex-grow)}<\/style>\t\t<div class=\"elementor-divider\">\n\t\t\t<span class=\"elementor-divider-separator\">\n\t\t\t\t\t\t<\/span>\n\t\t<\/div>\n\t\t\t\t<\/div>\n\t\t\t\t<\/div>\n\t\t\t\t\t<\/div>\n\t\t<\/div>\n\t\t\t\t\t<\/div>\n\t\t<\/section>\n\t\t\t\t<section class=\"elementor-section elementor-top-section elementor-element elementor-element-ab395de elementor-section-boxed elementor-section-height-default elementor-section-height-default\" data-id=\"ab395de\" data-element_type=\"section\" data-settings=\"{&quot;background_background&quot;:&quot;classic&quot;}\">\n\t\t\t\t\t\t<div class=\"elementor-container elementor-column-gap-default\">\n\t\t\t\t\t<div class=\"elementor-column elementor-col-50 elementor-top-column elementor-element elementor-element-d920a86\" data-id=\"d920a86\" data-element_type=\"column\">\n\t\t\t<div class=\"elementor-widget-wrap elementor-element-populated\">\n\t\t\t\t\t\t<div class=\"elementor-element elementor-element-df428f5 elementor-widget elementor-widget-text-editor\" data-id=\"df428f5\" data-element_type=\"widget\" data-widget_type=\"text-editor.default\">\n\t\t\t\t<div class=\"elementor-widget-container\">\n\t\t\t<style>\/*! elementor - v3.21.0 - 26-05-2024 *\/\n.elementor-widget-text-editor.elementor-drop-cap-view-stacked .elementor-drop-cap{background-color:#69727d;color:#fff}.elementor-widget-text-editor.elementor-drop-cap-view-framed .elementor-drop-cap{color:#69727d;border:3px solid;background-color:transparent}.elementor-widget-text-editor:not(.elementor-drop-cap-view-default) .elementor-drop-cap{margin-top:8px}.elementor-widget-text-editor:not(.elementor-drop-cap-view-default) .elementor-drop-cap-letter{width:1em;height:1em}.elementor-widget-text-editor .elementor-drop-cap{float:left;text-align:center;line-height:1;font-size:50px}.elementor-widget-text-editor .elementor-drop-cap-letter{display:inline-block}<\/style>\t\t\t\t<h3>Kamera dire\u011fi<\/h3><p>CCTV direkleri ad\u0131ndan da anla\u015f\u0131laca\u011f\u0131 \u00fczere g\u00f6r\u00fc\u015f mesafesini artt\u0131rmak ve ayn\u0131 zamanda kameralara eri\u015fimi engellemek amac\u0131yla kullan\u0131lmaktad\u0131r. Genellikle bu direkler, g\u00fcvenli\u011fi art\u0131rmak ve \u00f6nemli ve g\u00fcnl\u00fck olaylar\u0131 kaydetmek amac\u0131yla parklar ve ana caddeler gibi halka a\u00e7\u0131k yerlere kurulur. Elbette bu direkler, i\u00e7ine yerle\u015ftirilen kameralar\u0131n \u00e7ok kaliteli olmas\u0131 durumunda gerekli verime sahip olabiliyor; \u00c7\u00fcnk\u00fc bu direklerden baz\u0131lar\u0131n\u0131n y\u00fcksekli\u011fi 6 metre ve hatta daha fazlas\u0131na ula\u015f\u0131yor, bu da g\u00f6r\u00fcnt\u00fclerin kaydedilmesinde etkili oluyor.<\/p><p>Belirtildi\u011fi gibi CCTV direklerinin kullan\u0131lmas\u0131n\u0131n ana nedeni y\u00fcksek olmalar\u0131d\u0131r. Elbette bu direklerin y\u00fcksekli\u011fi onlar\u0131 kuraca\u011f\u0131m\u0131z yere ba\u011fl\u0131d\u0131r. Baz\u0131 durumlarda g\u00f6r\u00fc\u015f alan\u0131n\u0131 ve g\u00f6r\u00fc\u015f a\u00e7\u0131s\u0131n\u0131 artt\u0131rmak i\u00e7in boylar\u0131n\u0131n 6-7 metreye kadar \u00e7\u0131kt\u0131\u011f\u0131n\u0131 d\u00fc\u015f\u00fcnmek gerekir. Buna g\u00f6re direk y\u00fcksekli\u011fi artt\u0131r\u0131larak kameralar\u0131n kalitesinin de art\u0131r\u0131lmas\u0131 gerekiyor. CCTV kameralar iki tipte mevcuttur: mermi ve kubbe ve direkler i\u00e7in kubbe modellerini kullanmak daha iyidir.<\/p><p>Dome kameralar\u0131n kullan\u0131lma nedeni g\u00f6r\u00fcn\u00fcmleridir. Bu kameralar kubbe \u015feklindedir ve 360 derecelik a\u00e7\u0131yla g\u00f6r\u00fcnt\u00fc kaydetme \u00f6zelli\u011fine sahiptir. Elbette bullet kameralar da kullan\u0131labilir ancak g\u00f6r\u00fc\u015f a\u00e7\u0131lar\u0131 biraz s\u0131n\u0131rl\u0131d\u0131r ve yaln\u0131zca dura\u011fan g\u00f6r\u00fcnt\u00fcleri kaydetmeye uygundurlar. CCTV kamera kurulumunda kameraya nas\u0131l g\u00fc\u00e7 verilece\u011fi \u00e7ok \u00f6nemli bir noktad\u0131r. Kablolu kamera kullan\u0131yorsan\u0131z, kabloyu te\u00e7hizat\u0131n g\u00f6vdesinden eri\u015filemeyecek \u015fekilde ge\u00e7irmeniz gerekir. \u00c7\u00fcnk\u00fc bir\u00e7ok vandal bu kablolar\u0131 g\u00f6r\u00fcp kesebilir. Kablosuz kameralar\u0131n kullan\u0131lmas\u0131 ve kontrol panelinin g\u00fcvenlik odalar\u0131na yerle\u015ftirilmesi tavsiye edilir. Bu, kameralar\u0131n g\u00fcvenli\u011fini art\u0131r\u0131r ve ba\u011flant\u0131lar\u0131n\u0131n kesilmesi m\u00fcmk\u00fcn de\u011fildir.<\/p>\t\t\t\t\t\t<\/div>\n\t\t\t\t<\/div>\n\t\t\t\t\t<\/div>\n\t\t<\/div>\n\t\t\t\t<div class=\"elementor-column elementor-col-50 elementor-top-column elementor-element elementor-element-71eb42e\" data-id=\"71eb42e\" data-element_type=\"column\">\n\t\t\t<div class=\"elementor-widget-wrap elementor-element-populated\">\n\t\t\t\t\t\t<div class=\"elementor-element elementor-element-c7e7a8d elementor-widget elementor-widget-image\" data-id=\"c7e7a8d\" data-element_type=\"widget\" data-widget_type=\"image.default\">\n\t\t\t\t<div class=\"elementor-widget-container\">\n\t\t\t<style>\/*! elementor - v3.21.0 - 26-05-2024 *\/\n.elementor-widget-image{text-align:center}.elementor-widget-image a{display:inline-block}.elementor-widget-image a img[src$=\".svg\"]{width:48px}.elementor-widget-image img{vertical-align:middle;display:inline-block}<\/style>\t\t\t\t\t\t\t\t\t\t<img fetchpriority=\"high\" decoding=\"async\" width=\"500\" height=\"666\" src=\"https:\/\/tower-ist.com\/tr\/wp-content\/uploads\/2024\/02\/How-to-determine-the-budget-for-the-purchase-of-a-CCTV-camera-tower.jpg\" class=\"attachment-full size-full wp-image-6643\" alt=\"\" srcset=\"https:\/\/tower-ist.com\/tr\/wp-content\/uploads\/2024\/02\/How-to-determine-the-budget-for-the-purchase-of-a-CCTV-camera-tower.jpg 500w, https:\/\/tower-ist.com\/tr\/wp-content\/uploads\/2024\/02\/How-to-determine-the-budget-for-the-purchase-of-a-CCTV-camera-tower-225x300.jpg 225w\" sizes=\"(max-width: 500px) 100vw, 500px\" \/>\t\t\t\t\t\t\t\t\t\t\t\t\t<\/div>\n\t\t\t\t<\/div>\n\t\t\t\t\t<\/div>\n\t\t<\/div>\n\t\t\t\t\t<\/div>\n\t\t<\/section>\n\t\t\t\t<section class=\"elementor-section elementor-top-section elementor-element elementor-element-09eeeaa elementor-section-boxed elementor-section-height-default elementor-section-height-default\" data-id=\"09eeeaa\" data-element_type=\"section\" data-settings=\"{&quot;background_background&quot;:&quot;classic&quot;}\">\n\t\t\t\t\t\t<div class=\"elementor-container elementor-column-gap-default\">\n\t\t\t\t\t<div class=\"elementor-column elementor-col-50 elementor-top-column elementor-element elementor-element-51eef0e\" data-id=\"51eef0e\" data-element_type=\"column\">\n\t\t\t<div class=\"elementor-widget-wrap elementor-element-populated\">\n\t\t\t\t\t\t<div class=\"elementor-element elementor-element-05f1acb elementor-widget elementor-widget-image\" data-id=\"05f1acb\" data-element_type=\"widget\" data-widget_type=\"image.default\">\n\t\t\t\t<div class=\"elementor-widget-container\">\n\t\t\t\t\t\t\t\t\t\t\t\t\t<img decoding=\"async\" width=\"800\" height=\"600\" src=\"https:\/\/tower-ist.com\/tr\/wp-content\/uploads\/2024\/02\/\u0628\u0631\u062c-\u0647\u0627\u06cc-\u0646\u0648\u0631\u06cc.jpg\" class=\"attachment-full size-full wp-image-6644\" alt=\"\" srcset=\"https:\/\/tower-ist.com\/tr\/wp-content\/uploads\/2024\/02\/\u0628\u0631\u062c-\u0647\u0627\u06cc-\u0646\u0648\u0631\u06cc.jpg 800w, https:\/\/tower-ist.com\/tr\/wp-content\/uploads\/2024\/02\/\u0628\u0631\u062c-\u0647\u0627\u06cc-\u0646\u0648\u0631\u06cc-300x225.jpg 300w\" sizes=\"(max-width: 800px) 100vw, 800px\" \/>\t\t\t\t\t\t\t\t\t\t\t\t\t<\/div>\n\t\t\t\t<\/div>\n\t\t\t\t\t<\/div>\n\t\t<\/div>\n\t\t\t\t<div class=\"elementor-column elementor-col-50 elementor-top-column elementor-element elementor-element-2d4575b\" data-id=\"2d4575b\" data-element_type=\"column\">\n\t\t\t<div class=\"elementor-widget-wrap elementor-element-populated\">\n\t\t\t\t\t\t<div class=\"elementor-element elementor-element-0fd41a5 elementor-widget elementor-widget-text-editor\" data-id=\"0fd41a5\" data-element_type=\"widget\" data-widget_type=\"text-editor.default\">\n\t\t\t\t<div class=\"elementor-widget-container\">\n\t\t\t\t\t\t\t<h3>I\u015f\u0131k kulesi<\/h3><p>Towerist imalat grubunda \u00fcretilip uygulanan, a\u00e7\u0131k alanlar\u0131n ayd\u0131nlatmas\u0131n\u0131 sa\u011flamak amac\u0131yla kullan\u0131lan uzun kentsel ayd\u0131nlatma kaide t\u00fcr\u00fcd\u00fcr. Olduk\u00e7a yayg\u0131n olarak kullan\u0131lan bu \u00fcr\u00fcn\u00fcn kentsel ayd\u0131nlatma pazar\u0131na \u00f6nemli bir katk\u0131s\u0131 bulunmaktad\u0131r.<\/p><p>Geceleri ge\u00e7itler, caddeler, otoyollar, parklar, kentsel a\u00e7\u0131k alanlar i\u00e7in ayd\u0131nlatma sa\u011flanmas\u0131<br \/>Karanl\u0131kta kentsel ortamlar\u0131n g\u00fcvenli\u011finin sa\u011flanmas\u0131<br \/>I\u015f\u0131\u011f\u0131 da\u011f\u0131tarak, g\u00f6lge ve parlama yaratmadan geni\u015f bir alan\u0131 ayd\u0131nlat\u0131r<\/p><p>Oteller, havalimanlar\u0131, sergiler, otoparklar, limanlar, tren istasyonlar\u0131 vb. 24 saat \u00e7al\u0131\u015fan merkezlerde kullan\u0131labilir.<\/p><p>Y\u00fcksek esneklik, \u00e7ok pratik, tamamen g\u00fcvenli<br \/>Y\u00fcksek dayan\u0131kl\u0131l\u0131k ve r\u00fczgar, ya\u011fmur, g\u00fcne\u015f \u0131\u015f\u0131\u011f\u0131, s\u0131cak, so\u011fuk, nem vb. hava ko\u015fullar\u0131na kar\u015f\u0131 m\u00fckemmel diren\u00e7.<br \/>Ba\u015f\u0131n hareket kabiliyeti sayesinde bak\u0131m\u0131 son derece kolay ve yerde<\/p>\t\t\t\t\t\t<\/div>\n\t\t\t\t<\/div>\n\t\t\t\t\t<\/div>\n\t\t<\/div>\n\t\t\t\t\t<\/div>\n\t\t<\/section>\n\t\t\t\t<section class=\"elementor-section elementor-top-section elementor-element elementor-element-fa211b2 elementor-section-boxed elementor-section-height-default elementor-section-height-default\" data-id=\"fa211b2\" data-element_type=\"section\" data-settings=\"{&quot;background_background&quot;:&quot;classic&quot;}\">\n\t\t\t\t\t\t<div class=\"elementor-container elementor-column-gap-default\">\n\t\t\t\t\t<div class=\"elementor-column elementor-col-50 elementor-top-column elementor-element elementor-element-c48fde3\" data-id=\"c48fde3\" data-element_type=\"column\">\n\t\t\t<div class=\"elementor-widget-wrap elementor-element-populated\">\n\t\t\t\t\t\t<div class=\"elementor-element elementor-element-8891481 elementor-widget elementor-widget-text-editor\" data-id=\"8891481\" data-element_type=\"widget\" data-widget_type=\"text-editor.default\">\n\t\t\t\t<div class=\"elementor-widget-container\">\n\t\t\t\t\t\t\t<h3>Bayra\u011f\u0131n taban\u0131<\/h3><p>Bayraklar\u0131n taban\u0131 s\u0131cak galvanizli demirden yap\u0131lm\u0131\u015ft\u0131r ve b\u00fcy\u00fck bayraklar veya bayrak kuleleri kurmak i\u00e7in kullan\u0131lan metal direkleri i\u00e7erir. Bu kaideler demirden yap\u0131lm\u0131\u015f ve s\u0131cak galvanizden yap\u0131lm\u0131\u015ft\u0131r, genellikle bayra\u011f\u0131n taban y\u00fcksekli\u011fi de bayra\u011f\u0131n t\u00fcr\u00fcne ve bayra\u011f\u0131n kurulaca\u011f\u0131 yere g\u00f6re de\u011fi\u015fecektir. Bayraklar\u0131n taban\u0131nda, taban\u0131n \u00fcst ve alt k\u0131sm\u0131na iki adet makara monte edilir ve bu makaralar\u0131n aras\u0131na bir \u00e7ekme halat\u0131 yerle\u015ftirilir, b\u00f6ylece kurulum s\u0131ras\u0131nda bayra\u011f\u0131n bayrak taban\u0131n\u0131n ucuna y\u00f6nlendirilmesi sa\u011flan\u0131r.<\/p>\t\t\t\t\t\t<\/div>\n\t\t\t\t<\/div>\n\t\t\t\t\t<\/div>\n\t\t<\/div>\n\t\t\t\t<div class=\"elementor-column elementor-col-50 elementor-top-column elementor-element elementor-element-d1f9125\" data-id=\"d1f9125\" data-element_type=\"column\">\n\t\t\t<div class=\"elementor-widget-wrap elementor-element-populated\">\n\t\t\t\t\t\t<div class=\"elementor-element elementor-element-62c2d03 elementor-widget elementor-widget-image\" data-id=\"62c2d03\" data-element_type=\"widget\" data-widget_type=\"image.default\">\n\t\t\t\t<div class=\"elementor-widget-container\">\n\t\t\t\t\t\t\t\t\t\t\t\t\t<img decoding=\"async\" width=\"800\" height=\"600\" src=\"https:\/\/tower-ist.com\/tr\/wp-content\/uploads\/2024\/02\/\u0647\u0627\u06cc-\u067e\u0627\u06cc\u0647-\u067e\u0631\u0686\u0645.ipg_.jpg\" class=\"attachment-full size-full wp-image-6645\" alt=\"\" srcset=\"https:\/\/tower-ist.com\/tr\/wp-content\/uploads\/2024\/02\/\u0647\u0627\u06cc-\u067e\u0627\u06cc\u0647-\u067e\u0631\u0686\u0645.ipg_.jpg 800w, https:\/\/tower-ist.com\/tr\/wp-content\/uploads\/2024\/02\/\u0647\u0627\u06cc-\u067e\u0627\u06cc\u0647-\u067e\u0631\u0686\u0645.ipg_-300x225.jpg 300w\" sizes=\"(max-width: 800px) 100vw, 800px\" \/>\t\t\t\t\t\t\t\t\t\t\t\t\t<\/div>\n\t\t\t\t<\/div>\n\t\t\t\t\t<\/div>\n\t\t<\/div>\n\t\t\t\t\t<\/div>\n\t\t<\/section>\n\t\t\t\t<\/div>\n\t\t","protected":false},"excerpt":{"rendered":"<p>Monopol Kule Tipi Kamera dire\u011fi CCTV direkleri ad\u0131ndan da anla\u015f\u0131laca\u011f\u0131 \u00fczere g\u00f6r\u00fc\u015f mesafesini artt\u0131rmak ve ayn\u0131 zamanda kameralara eri\u015fimi engellemek amac\u0131yla kullan\u0131lmaktad\u0131r. Genellikle bu direkler, g\u00fcvenli\u011fi art\u0131rmak ve \u00f6nemli ve g\u00fcnl\u00fck olaylar\u0131 kaydetmek amac\u0131yla parklar ve ana caddeler gibi halka a\u00e7\u0131k yerlere kurulur. Elbette bu direkler, i\u00e7ine yerle\u015ftirilen kameralar\u0131n \u00e7ok kaliteli olmas\u0131 durumunda gerekli verime&#8230;<\/p>\n","protected":false},"author":1,"featured_media":6402,"parent":0,"menu_order":0,"comment_status":"closed","ping_status":"closed","template":"","meta":{"footnotes":""},"class_list":["post-5202","page","type-page","status-publish","has-post-thumbnail","hentry"],"_links":{"self":[{"href":"https:\/\/tower-ist.com\/tr\/wp-json\/wp\/v2\/pages\/5202","targetHints":{"allow":["GET"]}}],"collection":[{"href":"https:\/\/tower-ist.com\/tr\/wp-json\/wp\/v2\/pages"}],"about":[{"href":"https:\/\/tower-ist.com\/tr\/wp-json\/wp\/v2\/types\/page"}],"author":[{"embeddable":true,"href":"https:\/\/tower-ist.com\/tr\/wp-json\/wp\/v2\/users\/1"}],"replies":[{"embeddable":true,"href":"https:\/\/tower-ist.com\/tr\/wp-json\/wp\/v2\/comments?post=5202"}],"version-history":[{"count":3,"href":"https:\/\/tower-ist.com\/tr\/wp-json\/wp\/v2\/pages\/5202\/revisions"}],"predecessor-version":[{"id":6987,"href":"https:\/\/tower-ist.com\/tr\/wp-json\/wp\/v2\/pages\/5202\/revisions\/6987"}],"wp:featuredmedia":[{"embeddable":true,"href":"https:\/\/tower-ist.com\/tr\/wp-json\/wp\/v2\/media\/6402"}],"wp:attachment":[{"href":"https:\/\/tower-ist.com\/tr\/wp-json\/wp\/v2\/media?parent=5202"}],"curies":[{"name":"wp","href":"https:\/\/api.w.org\/{rel}","templated":true}]}}